{"id":209,"date":"2015-03-20T12:18:42","date_gmt":"2015-03-20T12:18:42","guid":{"rendered":"http:\/\/www.heinaseemned.ee\/kliendid-2\/"},"modified":"2015-11-19T12:04:17","modified_gmt":"2015-11-19T12:04:17","slug":"asiakkaat","status":"publish","type":"page","link":"https:\/\/www.heinaseemned.ee\/fi\/asiakkaat\/","title":{"rendered":"Asiakkaat"},"content":{"rendered":"<h3>Erinomainen sato, hyv\u00e4 sy\u00f6t\u00e4vyys, enemm\u00e4n maitoa.<\/h3>\n<p><em>Raimond Rauba, Kadila PM O\u00dc<\/em><\/p>\n<p>\u00dchinenud Farmid AS<\/p>\n<p><em>Are Selge, Eesti Maa\u00fclikool<\/em><\/p>\n","protected":false},"excerpt":{"rendered":"<p>Erinomainen sato, hyv\u00e4 sy\u00f6t\u00e4vyys, enemm\u00e4n maitoa. Raimond Rauba, Kadila PM O\u00dc \u00dchinenud Farmid AS Are Selge, Eesti Maa\u00fclikool<\/p>\n","protected":false},"author":2,"featured_media":0,"parent":0,"menu_order":0,"comment_status":"open","ping_status":"open","template":"page3.php","meta":{"_acf_changed":false,"_monsterinsights_skip_tracking":false,"_monsterinsights_sitenote_active":false,"_monsterinsights_sitenote_note":"","_monsterinsights_sitenote_category":0,"footnotes":""},"class_list":["post-209","page","type-page","status-publish","hentry"],"acf":[],"_links":{"self":[{"href":"https:\/\/www.heinaseemned.ee\/fi\/wp-json\/wp\/v2\/pages\/209","targetHints":{"allow":["GET"]}}],"collection":[{"href":"https:\/\/www.heinaseemned.ee\/fi\/wp-json\/wp\/v2\/pages"}],"about":[{"href":"https:\/\/www.heinaseemned.ee\/fi\/wp-json\/wp\/v2\/types\/page"}],"author":[{"embeddable":true,"href":"https:\/\/www.heinaseemned.ee\/fi\/wp-json\/wp\/v2\/users\/2"}],"replies":[{"embeddable":true,"href":"https:\/\/www.heinaseemned.ee\/fi\/wp-json\/wp\/v2\/comments?post=209"}],"version-history":[{"count":2,"href":"https:\/\/www.heinaseemned.ee\/fi\/wp-json\/wp\/v2\/pages\/209\/revisions"}],"predecessor-version":[{"id":223,"href":"https:\/\/www.heinaseemned.ee\/fi\/wp-json\/wp\/v2\/pages\/209\/revisions\/223"}],"wp:attachment":[{"href":"https:\/\/www.heinaseemned.ee\/fi\/wp-json\/wp\/v2\/media?parent=209"}],"curies":[{"name":"wp","href":"https:\/\/api.w.org\/{rel}","templated":true}]}}