{"id":358,"date":"2018-06-06T10:10:37","date_gmt":"2018-06-06T10:10:37","guid":{"rendered":"http:\/\/www.heinaseemned.ee\/fi\/privaatsus\/"},"modified":"2018-06-06T10:10:37","modified_gmt":"2018-06-06T10:10:37","slug":"privaatsus","status":"publish","type":"page","link":"https:\/\/www.heinaseemned.ee\/fi\/privaatsus\/","title":{"rendered":"Privaatsus"},"content":{"rendered":"<div class=\"content \">\n<div class=\"content_inner  \">\n<div class=\"full_width\">\n<div class=\"full_width_inner\">\n<div class=\"vc_row wpb_row section vc_row-fluid \">\n<div class=\" full_section_inner clearfix\">\n<div class=\"wpb_column vc_column_container vc_col-sm-12\">\n<div class=\"vc_column-inner \">\n<div class=\"wpb_wrapper\">\n<div class=\"wpb_text_column wpb_content_element \">\n<div class=\"wpb_wrapper\">\n<div class=\"container\">\n<div class=\"row\">\n<div class=\"col-md-12\">\n<div class=\"content\">\n<div class=\"et_pb_text et_pb_module et_pb_bg_layout_light et_pb_text_align_left et_pb_text_0\">\n<p><em>Isikuandmete kaitse on meie jaoks v\u00e4ga oluline ning suhtume sellesse t\u00e4ie t\u00f5sidusega. K\u00e4esolevast privaatsuspoliitikast, mille p\u00f5him\u00f5tteid Farmipartner O\u00dc j\u00e4rgib, leiate detailset informatsiooni selle kohta, milliseid isikuandmeid Farmipartner O\u00dc teie kohta kogub, milleks neid kasutame ja kellel neile ligip\u00e4\u00e4s on.<\/em><\/p>\n<p>Meie kodulehte on v\u00f5imalik k\u00fclastada ilma, et j\u00e4taksite meile tuvastatavaid isikuandmed.<\/p>\n<p>Isikuandmete t\u00f6\u00f6tlemisel juhindume kohalduvatest isikuandmete kaitset puudutavatest \u00f5igusaktidest, sealhulgas Euroopa Parlamendi ja N\u00f5ukogu m\u00e4\u00e4rusest (EL) 2016\/679 (edaspidi \u201eGDPR\u201c) ja Eesti isikuandmete kaitse seadusest.<\/p>\n<p>Farmipartner O\u00dc austab teie \u00f5igusi, mis teil on seoses oma privaatsuse kontrollimisega. Meile on oluline, et saaksite oma \u00f5igusi ellu viia. Allpoolt leiate detaile selle kohta, kuidas seda teha.<\/p>\n<p>&nbsp;<\/p>\n<h2>Vastutav andmet\u00f6\u00f6tleja<\/h2>\n<p>&nbsp;<\/p>\n<p>Ettev\u00f5tte nimi: Farmipartner O\u00dc<br \/>\nAadress: <span class=\"mapMarker\" data-location=\"58.356958,26.706985\">K\u00e4o p\u00f5ik 6<\/span>, Tartu <span class=\"mapMarker\" data-location=\"58.356958,26.706985\">50404<\/span><br \/>\nE-post: farmipartner@gmail.com<\/p>\n<p>Farmipartner O\u00dc andmekaitsespetsialistiga on v\u00f5imalik kontakteeruda e-posti teel farmipartner@gmail.com<\/p>\n<p>&nbsp;<\/p>\n<h2>Milliseid isikuandmeid Farmipartner O\u00dc kogub ja kuidas neid kasutatakse?<\/h2>\n<p>&nbsp;<\/p>\n<h3>Veebilehe sirvimise statistika<\/h3>\n<p>&nbsp;<\/p>\n<p>Farmipartner O\u00dc soovib oma veebilehe teha nii kergesti kasutatavaks kui v\u00f5imalik. Selleks, et parandada kasutajakogemust salvestatakse teie kohta Farmipartner O\u00dc kodulehte k\u00fclastades muuhulgas j\u00e4rgnev informatsioon: veebilehitseja t\u00fc\u00fcp ja versioon, seadme t\u00fc\u00fcp ja operatsioonis\u00fcsteem, IP-aadress, kodulehe k\u00fclastamise sessiooni pikkus ja aeg, k\u00fclastatud lehed ning demograafiline teave, nagu kasutatava keele eelistus ja asukoht. Veebilehe sirvimise statistikaks kogutud andmeid kasutame anon\u00fc\u00fcmsel kujul ning me ei vii neid kokku \u00fchegi konkreetse f\u00fc\u00fcsilise isikuga.<\/p>\n<p>Selleks, et koguda ja anal\u00fc\u00fcsida \u00fclalpool nimetatud andmeid, kasutab Farmipartner O\u00dc automatiseeritud t\u00f6\u00f6riista Google Analytics. Te v\u00f5ite igal ajal keelata oma andmete kogumise Google Analyticsi poolt, nagu on kirjeldatud\u00a0<a href=\"https:\/\/tools.google.com\/dlpage\/gaoptout\/\" target=\"_blank\" rel=\"noopener noreferrer\">siin<\/a>.<\/p>\n<p>&nbsp;<\/p>\n<h3>Logid<\/h3>\n<p>&nbsp;<\/p>\n<p>Server, mis majutab Farmipartner O\u00dc veebilehte, v\u00f5ib samuti salvestada p\u00e4ringuid, mida serverile teete (veebiaadress, mida avate, teie poolt kasutatav veebilehitseja ja seade, IP-aadress, juurdep\u00e4\u00e4su aeg). Neid andmeid kasutatakse ainult tehnilistel eesm\u00e4rkidel \u2013 et tagada veebilehe n\u00f5uetekohane toimimine ja turvalisus ning uurida v\u00f5imalikke turvaintsidente.<\/p>\n<p>&nbsp;<\/p>\n<h3>K\u00fcpsised<\/h3>\n<p>&nbsp;<\/p>\n<p><strong>Mis on k\u00fcpsised?<\/strong><\/p>\n<p>&nbsp;<\/p>\n<p>K\u00fcpsis on v\u00e4ike tekstifail, mille veebileht salvestab teie arvutisse v\u00f5i mobiiliseadmesse, kui veebilehte k\u00fclastate. See v\u00f5imaldab veebilehel pikema aja jooksul m\u00e4letada teie tegevusi ja eelistusi, et te ei peaks neid uuesti sisestama, kui k\u00fclastate veebilehte uuesti v\u00f5i kui liigute \u00fchelt lehelt teisele.<\/p>\n<p>Olge palun teadlik, et kodulehel kasutatakse p\u00fcsik\u00fcpsiseid, mis salvestuvad teie arvutisse p\u00e4rast veebilehitseja sulgemist. P\u00fcsik\u00fcpsised v\u00f5ivad j\u00e4\u00e4da kasutaja arvutisse p\u00e4evadeks, kuudeks v\u00f5i isegi aastateks. Taolised k\u00fcpsised aitavad meil suunata teile ka reklaami, mida n\u00e4ete eelk\u00f5ige Facebookis ja\/v\u00f5i Google\u2019is, aga ka Instagramis ja\/v\u00f5i YouTube\u2019is.<\/p>\n<p>&nbsp;<\/p>\n<p><strong>K\u00fcpsiste keelamine ja kustutamine<\/strong><\/p>\n<p>&nbsp;<\/p>\n<p>Interneti kasutajana saate ise keelata v\u00f5i piirata k\u00fcpsiste salvestumist oma arvutisse. Seejuures saate k\u00f5ik k\u00fcpsised, mis on seni arvutisse salvestunud, ka \u00e4ra kustutada. Selleks tuleb teil muuta oma isiklikke veebilehitseja privaatsusseadeid. Siinkohal m\u00e4rgime \u00e4ra, et kui soovite nii teha, siis v\u00f5ib juhtuda, et peate veebilehe k\u00fclastamisel iga kord manuaalselt teatud eelistusi kohandama ning teatud teenused ja funktsionaalsused ei pruugi t\u00f6\u00f6tada.<\/p>\n<p>&nbsp;<\/p>\n<h3>P\u00e4ringud<\/h3>\n<p>&nbsp;<\/p>\n<p>Kui soovite Farmipartner O\u00dc kodulehe kaudu osta Farmipartner O\u00dc-lt teenust v\u00f5i saada selle kohta rohkem teavet, siis on isikuandmete jagamine meiega vajalik. P\u00e4ringuid on v\u00f5imalik esitada t\u00e4ites vastava kontaktivormi v\u00f5i saates e-kirja aadressile farmipartner@gmail.com.<\/p>\n<p>Selleks, et saaksime vastata teie p\u00e4ringule, kogume j\u00e4rgnevaid isikuandmeid: teie nimi, kontaktandmed (e-post, telefoninumber). Kontaktivormi t\u00e4itmisel seostatakse ka k\u00f5ik senised teie kohta k\u00fcpsistega salvestunud infokillud kontaktivormi kaudu edastatud isikuandmetega. Teisis\u00f5nu tekib nii-\u00f6elda kontakti ajalugu. Pakkumise ettevalmistamiseks kasutame ka krediidiinfo p\u00e4ringust saadud andmeid ettev\u00f5tte ja selle esindajate kohta.<\/p>\n<p>\u00d5iguslik alus taoliseks isikuandmete t\u00f6\u00f6tlemiseks on isikuandmete t\u00f6\u00f6tlemine andmesubjekti osalusel s\u00f5lmitud lepingu t\u00e4itmiseks v\u00f5i lepingu s\u00f5lmimisele eelnevate meetmete v\u00f5tmiseks vastavalt andmesubjekti taotlusele (GDPR Art 6(1)(b)). Eelpool nimetatud isikuandmetele p\u00e4\u00e4sevad ligi Farmipartner O\u00dc t\u00f6\u00f6tajad. Kui esitate p\u00e4ringu kontaktivormi kaudu, v\u00f5ib isikuandmetele ligi p\u00e4\u00e4seda ka meile IT teenuseid pakkuv koost\u00f6\u00f6partner. Me rakendame asjakohaseid tehnilisi ja korralduslikke meetmeid, et tagada isikuandmete turvalisus.<\/p>\n<p>P\u00e4ringutest kogutud isikuandmeid s\u00e4ilitamine nii kaua kuni kehtib allkirjastatud kliendileping. Kui kliendilepingut ei allkirjastatud, siis s\u00e4ilitatakse isikuandmeid vaid statistilisel eesm\u00e4rgil (m\u00fc\u00fcgistatistika) 5 aastat alates p\u00e4ringu esitamisest. Farmipartner O\u00dc-l on \u00f5igustatud huvi (GDPR Art 6(1)(f)) teha m\u00fc\u00fcgistatistikat oma \u00e4ritegevuse paremaks planeerimiseks.<\/p>\n<h3><\/h3>\n<h2>Teie \u00f5igused ja kuidas saate oma \u00f5igusi teostada<\/h2>\n<p>&nbsp;<\/p>\n<p>Kontakteerudes Farmipartner O\u00dc-ga e-posti farmipartner@gmail.com teel, v\u00f5ite teostada oma j\u00e4rgnevaid \u00f5igusi:<\/p>\n<ul>\n<li>\u00f5igust tutvuda teie kohta k\u00e4ivate isikuandmetega;<\/li>\n<li>\u00f5igust isikuandmete parandamisele;<\/li>\n<li>\u00f5igust isikuandmete kustutamisele;<\/li>\n<li>\u00f5igust isikuandmete \u00fclekandmisele;<\/li>\n<li>\u00f5igust, et teie kohta ei v\u00f5etaks otsust, mis p\u00f5hineb \u00fcksnes automatiseeritud t\u00f6\u00f6tlusel;<\/li>\n<li>\u00f5igust n\u00f5usoleku tagasiv\u00f5tmisele.<\/li>\n<\/ul>\n<p>Teatud juhtudel on teil \u00f5igus n\u00f5uda teie kohta k\u00e4ivate isikuandmete t\u00f6\u00f6tlemise piiramist ja \u00f5igus esitada vastuv\u00e4iteid teie kohta k\u00e4ivate isikuandmete t\u00f6\u00f6tlemisele.<\/p>\n<p>Te v\u00f5ite oma \u00f5igusi teostada koosk\u00f5las tingimustega, mis tulenevad GDPR-ist ja teistest kohalikest \u00f5igusaktidest.<\/p>\n<p>Kui te arvate, et teie privaatsust on rikutud, siis palume v\u00f5tta meiega \u00fchendust allpool viidatud e-posti aadressil. Teil on ka \u00f5igus esitada kaebus selle riigi andmekaitse j\u00e4relvalveasutusele, kus asub teie alaline elukoht. Eestis on selleks Eesti Andmekaitse Inspektsioon.<\/p>\n<p>Kui Teil tekib k\u00fcsimusi, p\u00f6\u00f6rduge julgesti meie andmekaitseametniku poole kirjutades selleks aadressil farmipartner@gmail.com<\/p>\n<\/div>\n<\/div>\n<\/div>\n<\/div>\n<\/div>\n<\/div>\n<\/div>\n<\/div>\n<\/div>\n<\/div>\n<\/div>\n<\/div>\n<\/div>\n<\/div>\n<\/div>\n<\/div>\n","protected":false},"excerpt":{"rendered":"<p>Isikuandmete kaitse on meie jaoks v\u00e4ga oluline ning suhtume sellesse t\u00e4ie t\u00f5sidusega. K\u00e4esolevast privaatsuspoliitikast, mille p\u00f5him\u00f5tteid Farmipartner O\u00dc j\u00e4rgib, leiate detailset informatsiooni selle kohta, milliseid isikuandmeid Farmipartner O\u00dc teie kohta kogub, milleks neid kasutame ja kellel neile ligip\u00e4\u00e4s on. Meie kodulehte on v\u00f5imalik k\u00fclastada ilma, et j\u00e4taksite meile tuvastatavaid isikuandmed. Isikuandmete t\u00f6\u00f6tlemisel juhindume kohalduvatest isikuandmete [&hellip;]<\/p>\n","protected":false},"author":2,"featured_media":0,"parent":0,"menu_order":0,"comment_status":"closed","ping_status":"closed","template":"page3.php","meta":{"_acf_changed":false,"_monsterinsights_skip_tracking":false,"_monsterinsights_sitenote_active":false,"_monsterinsights_sitenote_note":"","_monsterinsights_sitenote_category":0,"footnotes":""},"class_list":["post-358","page","type-page","status-publish","hentry"],"acf":[],"_links":{"self":[{"href":"https:\/\/www.heinaseemned.ee\/fi\/wp-json\/wp\/v2\/pages\/358","targetHints":{"allow":["GET"]}}],"collection":[{"href":"https:\/\/www.heinaseemned.ee\/fi\/wp-json\/wp\/v2\/pages"}],"about":[{"href":"https:\/\/www.heinaseemned.ee\/fi\/wp-json\/wp\/v2\/types\/page"}],"author":[{"embeddable":true,"href":"https:\/\/www.heinaseemned.ee\/fi\/wp-json\/wp\/v2\/users\/2"}],"replies":[{"embeddable":true,"href":"https:\/\/www.heinaseemned.ee\/fi\/wp-json\/wp\/v2\/comments?post=358"}],"version-history":[{"count":0,"href":"https:\/\/www.heinaseemned.ee\/fi\/wp-json\/wp\/v2\/pages\/358\/revisions"}],"wp:attachment":[{"href":"https:\/\/www.heinaseemned.ee\/fi\/wp-json\/wp\/v2\/media?parent=358"}],"curies":[{"name":"wp","href":"https:\/\/api.w.org\/{rel}","templated":true}]}}